{"id":38,"date":"2019-10-14T06:56:43","date_gmt":"2019-10-14T06:56:43","guid":{"rendered":"https:\/\/test.pixelpirsch.com\/?page_id=38"},"modified":"2020-09-09T08:19:33","modified_gmt":"2020-09-09T08:19:33","slug":"analyse","status":"publish","type":"page","link":"https:\/\/biochema-gmbh.de\/index.php\/analyse\/","title":{"rendered":"Analyseverfahren"},"content":{"rendered":"<p>Quantitative und pr\u00e4parative HPLC (DAD, ECD, FD und UV)<br \/>\nLC-MS, LC-MS\/MS (ESI)<\/p>\n<p><img loading=\"lazy\" decoding=\"async\" class=\"alignnone size-full wp-image-122\" src=\"\/wp-content\/uploads\/2020\/09\/Analyse-Verfahren.jpg\" alt=\"\" width=\"1000\" height=\"550\" srcset=\"https:\/\/biochema-gmbh.de\/wp-content\/uploads\/2020\/09\/Analyse-Verfahren.jpg 1000w, https:\/\/biochema-gmbh.de\/wp-content\/uploads\/2020\/09\/Analyse-Verfahren-300x165.jpg 300w, https:\/\/biochema-gmbh.de\/wp-content\/uploads\/2020\/09\/Analyse-Verfahren-768x422.jpg 768w\" sizes=\"auto, (max-width: 706px) 89vw, (max-width: 767px) 82vw, 740px\" \/><\/p>\n<p>Anwendungen:<\/p>\n<ul>\n<li>GLP-pflichtige \u00d6kotox-Studien<\/li>\n<li>Stabilit\u00e4tspr\u00fcfung-Kinetik<\/li>\n<li>Methodenentwicklung<\/li>\n<li>Gehaltsbestimmungen<\/li>\n<li>Reinheit nach Ph.Eur<\/li>\n<li>Enantiomeren Reinheit<\/li>\n<li>Probenaufarbeitung<\/li>\n<li>Festphasenextraktion<\/li>\n<li>Partitionskoeffizient<\/li>\n<li>Bearbeitung biologischer Proben:<br \/>\nPlasma, Urin, Gewebe etc.<\/li>\n<li>Monomer Analytik (Superabsorber)<\/li>\n<\/ul>\n","protected":false},"excerpt":{"rendered":"<p>Quantitative und pr\u00e4parative HPLC (DAD, ECD, FD und UV) LC-MS, LC-MS\/MS (ESI) Anwendungen: GLP-pflichtige \u00d6kotox-Studien Stabilit\u00e4tspr\u00fcfung-Kinetik Methodenentwicklung Gehaltsbestimmungen Reinheit nach Ph.Eur Enantiomeren Reinheit Probenaufarbeitung Festphasenextraktion Partitionskoeffizient Bearbeitung biologischer Proben: Plasma, Urin, Gewebe etc. Monomer Analytik (Superabsorber)<\/p>\n","protected":false},"author":1,"featured_media":34,"parent":0,"menu_order":0,"comment_status":"closed","ping_status":"closed","template":"","meta":{"_acf_changed":false,"footnotes":""},"class_list":["post-38","page","type-page","status-publish","has-post-thumbnail","hentry"],"acf":[],"_links":{"self":[{"href":"https:\/\/biochema-gmbh.de\/index.php\/wp-json\/wp\/v2\/pages\/38","targetHints":{"allow":["GET"]}}],"collection":[{"href":"https:\/\/biochema-gmbh.de\/index.php\/wp-json\/wp\/v2\/pages"}],"about":[{"href":"https:\/\/biochema-gmbh.de\/index.php\/wp-json\/wp\/v2\/types\/page"}],"author":[{"embeddable":true,"href":"https:\/\/biochema-gmbh.de\/index.php\/wp-json\/wp\/v2\/users\/1"}],"replies":[{"embeddable":true,"href":"https:\/\/biochema-gmbh.de\/index.php\/wp-json\/wp\/v2\/comments?post=38"}],"version-history":[{"count":13,"href":"https:\/\/biochema-gmbh.de\/index.php\/wp-json\/wp\/v2\/pages\/38\/revisions"}],"predecessor-version":[{"id":124,"href":"https:\/\/biochema-gmbh.de\/index.php\/wp-json\/wp\/v2\/pages\/38\/revisions\/124"}],"wp:featuredmedia":[{"embeddable":true,"href":"https:\/\/biochema-gmbh.de\/index.php\/wp-json\/wp\/v2\/media\/34"}],"wp:attachment":[{"href":"https:\/\/biochema-gmbh.de\/index.php\/wp-json\/wp\/v2\/media?parent=38"}],"curies":[{"name":"wp","href":"https:\/\/api.w.org\/{rel}","templated":true}]}}